{"id":1111,"date":"2023-02-13T16:06:33","date_gmt":"2023-02-13T15:06:33","guid":{"rendered":"http:\/\/eowdev.tech\/aipssie\/?page_id=1111"},"modified":"2023-02-13T16:13:37","modified_gmt":"2023-02-13T15:13:37","slug":"mentions-legales","status":"publish","type":"page","link":"http:\/\/eowdev.tech\/aipssie\/mentions-legales\/","title":{"rendered":"Mentions l\u00e9gales"},"content":{"rendered":"\t\t<div data-elementor-type=\"wp-page\" data-elementor-id=\"1111\" class=\"elementor elementor-1111\">\n\t\t\t\t\t\t\t\t\t<section class=\"elementor-section elementor-top-section elementor-element elementor-element-4786f3c0 elementor-section-boxed elementor-section-height-default elementor-section-height-default\" data-id=\"4786f3c0\" data-element_type=\"section\">\n\t\t\t\t\t\t<div class=\"elementor-container elementor-column-gap-default\">\n\t\t\t\t\t<div class=\"elementor-column elementor-col-100 elementor-top-column elementor-element elementor-element-64739dd2\" data-id=\"64739dd2\" data-element_type=\"column\">\n\t\t\t<div class=\"elementor-widget-wrap elementor-element-populated\">\n\t\t\t\t\t\t\t\t<div class=\"elementor-element elementor-element-3d0c8751 elementor-widget-mobile__width-initial animated-slow elementor-invisible elementor-widget elementor-widget-spacer\" data-id=\"3d0c8751\" data-element_type=\"widget\" data-settings=\"{&quot;_animation&quot;:&quot;fadeInLeft&quot;}\" data-widget_type=\"spacer.default\">\n\t\t\t\t<div class=\"elementor-widget-container\">\n\t\t\t\t\t<div class=\"elementor-spacer\">\n\t\t\t<div class=\"elementor-spacer-inner\"><\/div>\n\t\t<\/div>\n\t\t\t\t<\/div>\n\t\t\t\t<\/div>\n\t\t\t\t<div class=\"elementor-element elementor-element-3d05dee4 elementor-widget elementor-widget-heading\" data-id=\"3d05dee4\" data-element_type=\"widget\" data-widget_type=\"heading.default\">\n\t\t\t\t<div class=\"elementor-widget-container\">\n\t\t\t<h2 class=\"elementor-heading-title elementor-size-default\">Mentions L\u00e9gales<\/h2>\t\t<\/div>\n\t\t\t\t<\/div>\n\t\t\t\t<div class=\"elementor-element elementor-element-d063f02 elementor-widget elementor-widget-text-editor\" data-id=\"d063f02\" data-element_type=\"widget\" data-widget_type=\"text-editor.default\">\n\t\t\t\t<div class=\"elementor-widget-container\">\n\t\t\t\t\t\t\t<div class=\"elementor-element elementor-element-6dc26744 elementor-widget elementor-widget-text-editor\" data-id=\"6dc26744\" data-element_type=\"widget\" data-widget_type=\"text-editor.default\"><div class=\"elementor-widget-container\"><h2 data-kx-storage=\"{&quot;fontSize&quot;:28.8,&quot;lineHeight&quot;:34.56}\">Informations G\u00e9n\u00e9rales<\/h2><p data-kx-storage=\"{&quot;fontSize&quot;:19.2,&quot;lineHeight&quot;:26.88}\">Le site www.aipssie.fr que vous consultez est \u00e9dit\u00e9 par :<\/p><p data-kx-storage=\"{&quot;fontSize&quot;:19.2,&quot;lineHeight&quot;:26.88}\">Aipssie &#8211; 7 Rue du D\u00e9barcad\u00e8re 75017 Paris<\/p><p data-kx-storage=\"{&quot;fontSize&quot;:19.2,&quot;lineHeight&quot;:26.88}\">Directeur de la publication : J\u00e9r\u00f4me Fortier<\/p><p data-kx-storage=\"{&quot;fontSize&quot;:19.2,&quot;lineHeight&quot;:26.88}\">\u00a0<\/p><h2 data-kx-storage=\"{&quot;fontSize&quot;:19.2,&quot;lineHeight&quot;:26.88}\"><strong data-kx-storage=\"{&quot;fontSize&quot;:28.8,&quot;lineHeight&quot;:34.56}\">H\u00e9bergement<\/strong><\/h2><\/div><\/div><div class=\"elementor-element elementor-element-1f3d9b7 elementor-widget elementor-widget-text-editor\" data-id=\"1f3d9b7\" data-element_type=\"widget\" data-widget_type=\"text-editor.default\"><div class=\"elementor-widget-container\"><p data-kx-storage=\"{&quot;fontSize&quot;:19.2,&quot;lineHeight&quot;:26.88}\">ATE \u2013 Avenir T\u00e9l\u00e9matique<br \/>21 Avenue de la Cr\u00e9ativit\u00e9<br \/>59650 Villeneuve d\u2019Ascq<br \/>FRANCE<\/p><p data-kx-storage=\"{&quot;fontSize&quot;:19.2,&quot;lineHeight&quot;:26.88}\">+33 (0)3 28 800 300<br \/><br \/><\/p><\/div><\/div><div class=\"elementor-element elementor-element-ea4cbfa elementor-widget elementor-widget-text-editor\" data-id=\"ea4cbfa\" data-element_type=\"widget\" data-widget_type=\"text-editor.default\"><div class=\"elementor-widget-container\"><h2><strong data-kx-storage=\"{&quot;fontSize&quot;:28.8,&quot;lineHeight&quot;:34.56}\">Utilisation Du Site<\/strong><\/h2><p data-kx-storage=\"{&quot;fontSize&quot;:19.2,&quot;lineHeight&quot;:26.88}\">Utilisation personnelle et non marchande. Il vous est conc\u00e9d\u00e9 le droit de visualiser et d\u2019imprimer le contenu du site exclusivement dans le cadre d\u2019un usage priv\u00e9 et non commercial. Toute utilisation collective et\/ou marchande est strictement interdite.<br \/><br \/><\/p><\/div><\/div><div class=\"elementor-element elementor-element-573d504 elementor-widget elementor-widget-text-editor\" data-id=\"573d504\" data-element_type=\"widget\" data-widget_type=\"text-editor.default\"><div class=\"elementor-widget-container\"><h2><strong data-kx-storage=\"{&quot;fontSize&quot;:28.8,&quot;lineHeight&quot;:34.56}\">Liens Hypertextes<\/strong><\/h2><p data-kx-storage=\"{&quot;fontSize&quot;:19.2,&quot;lineHeight&quot;:26.88}\">Vous \u00eates autoris\u00e9 \u00e0 cr\u00e9er un ou plusieurs lien(s) simple(s) pointant vers la page d\u2019accueil du site ou ses diff\u00e9rentes rubriques. En tout \u00e9tat de cause et \u00e0 tout moment notre entreprise se r\u00e9serve le droit de mettre fin \u00e0 cette autorisation s\u2019il lui para\u00eet que le lien \u00e9tabli avec le site est de nature \u00e0 porter atteinte \u00e0 ses int\u00e9r\u00eats. En aucun cas, l\u2019existence d\u2019un lien hypertexte en provenance d\u2019un site tiers vers le notre n\u2019implique une coop\u00e9ration entre notre entreprise et celui-ci. Nous n\u2019exer\u00e7ons aucun contr\u00f4le sur les sites de tiers et n\u2019assumons par cons\u00e9quent aucune responsabilit\u00e9 quant aux contenus, produits, services, informations, mat\u00e9riaux et logiciels des sites tiers comportant un lien hypertexte vers le site.<br \/><br \/><\/p><\/div><\/div><div class=\"elementor-element elementor-element-9cbf7bf elementor-widget elementor-widget-text-editor\" data-id=\"9cbf7bf\" data-element_type=\"widget\" data-widget_type=\"text-editor.default\"><div class=\"elementor-widget-container\"><h2><strong data-kx-storage=\"{&quot;fontSize&quot;:28.8,&quot;lineHeight&quot;:34.56}\">Utilisation L\u00e9gislative<\/strong><\/h2><p data-kx-storage=\"{&quot;fontSize&quot;:19.2,&quot;lineHeight&quot;:26.88}\">Vous \u00eates l\u00e9galement habilit\u00e9 \u00e0 proc\u00e9der \u00e0 de courtes citations, analyses et reproductions destin\u00e9es \u00e0 des revues de presse ainsi qu\u2019aux autres utilisations express\u00e9ment autoris\u00e9es par la loi, dans les limites et conditions fix\u00e9es par cette derni\u00e8re et sous r\u00e9serve, notamment, de citer le nom des auteurs et la source \u00e9ditoriale.<\/p><p>\u00a0<\/p><\/div><\/div><div class=\"elementor-element elementor-element-4dd4bb1 elementor-widget elementor-widget-text-editor\" data-id=\"4dd4bb1\" data-element_type=\"widget\" data-widget_type=\"text-editor.default\"><div class=\"elementor-widget-container\"><h1><span class=\"elementor-headline-plain-text elementor-headline-text-wrapper\" data-kx-storage=\"{&quot;fontSize&quot;:43,&quot;lineHeight&quot;:51.6,&quot;fontSizeStyle&quot;:&quot;font-size: 43px&quot;}\">Politique de Confidentialit\u00e9<\/span><\/h1><p>\u00a0<\/p><\/div><\/div><div class=\"elementor-element elementor-element-1ce724a elementor-widget elementor-widget-text-editor\" data-id=\"1ce724a\" data-element_type=\"widget\" data-widget_type=\"text-editor.default\"><div class=\"elementor-widget-container\"><h3><strong data-kx-storage=\"{&quot;fontSize&quot;:28.8,&quot;lineHeight&quot;:34.56}\">Donn\u00e9es Personnelles<\/strong><\/h3><p data-kx-storage=\"{&quot;fontSize&quot;:19.2,&quot;lineHeight&quot;:26.88}\">Nous n\u2019utilisons pas vos donn\u00e9es, fournies par les formulaires de contact pr\u00e9sents sur ce site, \u00e0 des fins commerciales. Les donn\u00e9es que vous nous transmettez sont utilis\u00e9es par nos services pour vous contacter uniquement si vous souhaitez obtenir des informations, souscrire \u00e0 l\u2019une de nos offres ou r\u00e9server un de nos produits. Vos coordonn\u00e9es peuvent \u00eatre supprim\u00e9es de notre base de donn\u00e9es sur simple demande en envoyant un mail \u00e0 l\u2019adresse suivante : aipssie@aipssie.fr.<br \/><br \/><\/p><h3><strong data-kx-storage=\"{&quot;fontSize&quot;:28.8,&quot;lineHeight&quot;:34.56}\">Protection Des Donn\u00e9es<\/strong><\/h3><p data-kx-storage=\"{&quot;fontSize&quot;:19.2,&quot;lineHeight&quot;:26.88}\">Notre site web est dot\u00e9 d\u2019un outil antispam. Les ordinateurs stockant temporairement vos donn\u00e9es sont \u00e9quip\u00e9s d\u2019anti-virus.<br \/><br \/><\/p><h3><strong data-kx-storage=\"{&quot;fontSize&quot;:28.8,&quot;lineHeight&quot;:34.56}\">Cookies<\/strong><\/h3><p data-kx-storage=\"{&quot;fontSize&quot;:19.2,&quot;lineHeight&quot;:26.88}\">Si vous d\u00e9posez un commentaire sur notre site, il vous sera propos\u00e9 d\u2019enregistrer votre nom, adresse de messagerie et site web dans des cookies. C\u2019est uniquement pour votre confort afin de ne pas avoir \u00e0 saisir ces informations si vous d\u00e9posez un autre commentaire plus tard. Ces cookies expirent au bout d\u2019un an. Les commentaires sont actuellement d\u00e9sactiv\u00e9s sur notre site internet.<\/p><p data-kx-storage=\"{&quot;fontSize&quot;:19.2,&quot;lineHeight&quot;:26.88}\">Vous pouvez g\u00e9rer les param\u00e8tres d\u2019enregistrement de cookies \u00e0 partir de vos navigateurs.<br \/><br \/><\/p><h3><strong data-kx-storage=\"{&quot;fontSize&quot;:28.8,&quot;lineHeight&quot;:34.56}\">Contenu Embarqu\u00e9<\/strong><\/h3><p data-kx-storage=\"{&quot;fontSize&quot;:19.2,&quot;lineHeight&quot;:26.88}\">Les articles de ce site peuvent inclure des contenus int\u00e9gr\u00e9s (par exemple des vid\u00e9os, images, articles\u2026). Le contenu int\u00e9gr\u00e9 depuis d\u2019autres sites se comporte de la m\u00eame mani\u00e8re que si le visiteur se rendait sur cet autre site.<\/p><p data-kx-storage=\"{&quot;fontSize&quot;:19.2,&quot;lineHeight&quot;:26.88}\">Ces sites web pourraient collecter des donn\u00e9es sur vous, utiliser des cookies, embarquer des outils de suivis tiers, suivre vos interactions avec ces contenus embarqu\u00e9s si vous disposez d\u2019un compte connect\u00e9 sur leur site web.<\/p><\/div><\/div>\t\t\t\t\t\t<\/div>\n\t\t\t\t<\/div>\n\t\t\t\t\t<\/div>\n\t\t<\/div>\n\t\t\t\t\t\t\t<\/div>\n\t\t<\/section>\n\t\t\t\t\t\t\t<\/div>\n\t\t","protected":false},"excerpt":{"rendered":"<p>Mentions L\u00e9gales Informations G\u00e9n\u00e9rales Le site www.aipssie.fr que vous consultez est \u00e9dit\u00e9 par : Aipssie &#8211; 7 Rue du D\u00e9barcad\u00e8re 75017 Paris Directeur de la publication : J\u00e9r\u00f4me Fortier \u00a0 H\u00e9bergement ATE \u2013 Avenir T\u00e9l\u00e9matique21 Avenue de la Cr\u00e9ativit\u00e959650 Villeneuve d\u2019AscqFRANCE +33 (0)3 28 800 300 Utilisation Du Site Utilisation personnelle et non marchande. Il [&hellip;]<\/p>\n","protected":false},"author":1,"featured_media":0,"parent":0,"menu_order":0,"comment_status":"closed","ping_status":"closed","template":"","meta":{"footnotes":""},"class_list":["post-1111","page","type-page","status-publish","hentry"],"_links":{"self":[{"href":"http:\/\/eowdev.tech\/aipssie\/wp-json\/wp\/v2\/pages\/1111","targetHints":{"allow":["GET"]}}],"collection":[{"href":"http:\/\/eowdev.tech\/aipssie\/wp-json\/wp\/v2\/pages"}],"about":[{"href":"http:\/\/eowdev.tech\/aipssie\/wp-json\/wp\/v2\/types\/page"}],"author":[{"embeddable":true,"href":"http:\/\/eowdev.tech\/aipssie\/wp-json\/wp\/v2\/users\/1"}],"replies":[{"embeddable":true,"href":"http:\/\/eowdev.tech\/aipssie\/wp-json\/wp\/v2\/comments?post=1111"}],"version-history":[{"count":4,"href":"http:\/\/eowdev.tech\/aipssie\/wp-json\/wp\/v2\/pages\/1111\/revisions"}],"predecessor-version":[{"id":1116,"href":"http:\/\/eowdev.tech\/aipssie\/wp-json\/wp\/v2\/pages\/1111\/revisions\/1116"}],"wp:attachment":[{"href":"http:\/\/eowdev.tech\/aipssie\/wp-json\/wp\/v2\/media?parent=1111"}],"curies":[{"name":"wp","href":"https:\/\/api.w.org\/{rel}","templated":true}]}}